{"id":80,"date":"2020-06-05T12:31:16","date_gmt":"2020-06-05T12:31:16","guid":{"rendered":"http:\/\/digicop.designervily.com\/demo1\/?page_id=13023"},"modified":"2025-08-12T20:29:06","modified_gmt":"2025-08-12T20:29:06","slug":"sistema-de-gestion","status":"publish","type":"page","link":"https:\/\/inkaferro.com.pe\/test\/sistema-de-gestion\/","title":{"rendered":"Sistema de Gesti\u00f3n"},"content":{"rendered":"\t\t<div data-elementor-type=\"wp-page\" data-elementor-id=\"80\" class=\"elementor elementor-80\" data-elementor-post-type=\"page\">\n\t\t\t\t\t\t<section class=\"elementor-section elementor-top-section elementor-element elementor-element-155298f dsvy-bg-color-yes dsvy-elementor-bg-color-white elementor-section-content-middle elementor-section-stretched dsvy-col-stretched-none dsvy-bg-color-over-image elementor-section-boxed elementor-section-height-default elementor-section-height-default\" data-id=\"155298f\" data-element_type=\"section\" data-settings=\"{&quot;stretch_section&quot;:&quot;section-stretched&quot;}\">\n\t\t\t\t\t\t<div class=\"elementor-container elementor-column-gap-default\">\n\t\t\t\t\t<div data-dce-background-image-url=\"https:\/\/inkaferro.com.pe\/test\/wp-content\/uploads\/2025\/04\/control-calidad-inkaferro-2329-300x269-1.jpg\" class=\"elementor-column elementor-col-50 elementor-top-column elementor-element elementor-element-bfc0db9 dsvy-bg-color-over-image\" data-id=\"bfc0db9\" data-element_type=\"column\" data-settings=\"{&quot;background_background&quot;:&quot;classic&quot;}\">\n\t\t\t<div class=\"elementor-widget-wrap\">\n\t\t\t\t\t\t\t<\/div>\n\t\t<\/div>\n\t\t\t\t<div class=\"elementor-column elementor-col-50 elementor-top-column elementor-element elementor-element-6e5866b dsvy-bg-color-over-image\" data-id=\"6e5866b\" data-element_type=\"column\">\n\t\t\t<div class=\"elementor-widget-wrap elementor-element-populated\">\n\t\t\t\t\t\t<div class=\"elementor-element elementor-element-b36f80a dsvy-align-left elementor-widget elementor-widget-dsvy_heading\" data-id=\"b36f80a\" data-element_type=\"widget\" data-widget_type=\"dsvy_heading.default\">\n\t\t\t\t<div class=\"elementor-widget-container\">\n\t\t\t\t\t\t<div class=\"dsvy-heading-subheading left-align dsvy-reverse-heading-yes\"><h4 class=\"dsvy-element-subtitle\"><span>\r\n\t\t\t<\/span>\r\n\t\t\t\r\n\t\t\t\tSISTEMA\r\n\t\t\t\r\n\t\t\t<\/h4>\r\n\t\t<h2 class=\"dsvy-element-title\">\r\n\t\t\t\r\n\t\t\t\tIntegrado de Gesti\u00f3n\r\n\t\t\t\r\n\t\t\t<\/h2>\r\n\t\t<div class=\"dsvy-heading-desc\"><div style=\"text-align:justify\">Inkaferro preocupado constantemente en brindar un buen servicio y llevar productos de calidad a cada uno de sus clientes, decidi\u00f3 en el a\u00f1o 2013 asumir el reto de establecer un Sistema de Gesti\u00f3n de Calidad, modelo de gesti\u00f3n con un enfoque basado en procesos, que busca principalmente lograr la satisfacci\u00f3n de sus clientes y promover la mejora continua. Con el objetivo de seguir fortaleci\u00e9ndonos y mejorar continuamente, en el a\u00f1o 2021 se implementaron nuevos Sistemas de Gesti\u00f3n. Logrando obtener en diciembre del 2021 las certificaciones en ISO 9001, 14001, 45001 y 37001 bajo la empresa ALC \u2013 \u201cAm\u00e9rica Latina Certificacoes\u201d.<\/div><\/div><\/div>\t\t\t\t<\/div>\n\t\t\t\t<\/div>\n\t\t\t\t<section class=\"elementor-section elementor-inner-section elementor-element elementor-element-a958a0e dsvy-col-stretched-none dsvy-bg-color-over-image elementor-section-boxed elementor-section-height-default elementor-section-height-default\" data-id=\"a958a0e\" data-element_type=\"section\">\n\t\t\t\t\t\t<div class=\"elementor-container elementor-column-gap-no\">\n\t\t\t\t\t<div class=\"elementor-column elementor-col-100 elementor-inner-column elementor-element elementor-element-08d94c6 dsvy-bg-color-over-image\" data-id=\"08d94c6\" data-element_type=\"column\">\n\t\t\t<div class=\"elementor-widget-wrap\">\n\t\t\t\t\t\t\t<\/div>\n\t\t<\/div>\n\t\t\t\t\t<\/div>\n\t\t<\/section>\n\t\t\t\t\t<\/div>\n\t\t<\/div>\n\t\t\t\t\t<\/div>\n\t\t<\/section>\n\t\t<div data-dce-background-color=\"#B12627\" class=\"elementor-element elementor-element-af3ddc0 e-flex e-con-boxed e-con e-parent\" data-id=\"af3ddc0\" data-element_type=\"container\" data-settings=\"{&quot;background_background&quot;:&quot;classic&quot;}\">\n\t\t\t\t\t<div class=\"e-con-inner\">\n\t\t<div class=\"elementor-element elementor-element-82f6e72 e-con-full e-flex e-con e-child\" data-id=\"82f6e72\" data-element_type=\"container\">\n\t\t\t\t<div class=\"elementor-element elementor-element-b8e196d elementor-widget elementor-widget-text-editor\" data-id=\"b8e196d\" data-element_type=\"widget\" data-widget_type=\"text-editor.default\">\n\t\t\t\t<div class=\"elementor-widget-container\">\n\t\t\t\t\t\t\t\t\t<h2><span style=\"color: #ffffff;\"><strong>CONOCE NUESTRAS POL\u00cdTICAS<\/strong><\/span><\/h2>\n<ul>\n \t<li><a href=\"https:\/\/inkaferro.com.pe\/test\/wp-content\/uploads\/2025\/04\/Politica-de-Sistema-de-Integrado-de-Gestion-V00-1.pdf\" target=\"_blank\" rel=\"noopener\"><span style=\"text-decoration: underline;\">Pol\u00edtica de Calidad, Medio Ambiente, Seguridad y Salud en el Trabajo<\/span><\/a><\/li>\n \t<li><a href=\"https:\/\/inkaferro.com.pe\/test\/wp-content\/uploads\/2025\/04\/SGAS.PL_.01-Politica-Antisoborno-de-INKAFERRO-V02-1-1.pdf\" target=\"_blank\" rel=\"noopener\"><span style=\"text-decoration: underline;\">Pol\u00edtica Antisoborno<\/span><\/a><\/li>\n<\/ul>\t\t\t\t\t\t\t\t<\/div>\n\t\t\t\t<\/div>\n\t\t\t\t<\/div>\n\t\t<div class=\"elementor-element elementor-element-04ad2eb e-con-full e-flex e-con e-child\" data-id=\"04ad2eb\" data-element_type=\"container\">\n\t\t\t\t<div class=\"elementor-element elementor-element-cd7af99 dce_masking-none elementor-widget elementor-widget-image\" data-id=\"cd7af99\" data-element_type=\"widget\" data-widget_type=\"image.default\">\n\t\t\t\t<div class=\"elementor-widget-container\">\n\t\t\t\t\t\t\t\t\t\t\t\t\t\t\t<img fetchpriority=\"high\" decoding=\"async\" width=\"300\" height=\"200\" src=\"https:\/\/inkaferro.com.pe\/test\/wp-content\/uploads\/2025\/08\/inkaferro-banner-nosotros-300x200.png\" class=\"attachment-medium size-medium wp-image-1763\" alt=\"\" srcset=\"https:\/\/inkaferro.com.pe\/test\/wp-content\/uploads\/2025\/08\/inkaferro-banner-nosotros-300x200.png 300w, https:\/\/inkaferro.com.pe\/test\/wp-content\/uploads\/2025\/08\/inkaferro-banner-nosotros-768x512.png 768w, https:\/\/inkaferro.com.pe\/test\/wp-content\/uploads\/2025\/08\/inkaferro-banner-nosotros-770x514.png 770w, https:\/\/inkaferro.com.pe\/test\/wp-content\/uploads\/2025\/08\/inkaferro-banner-nosotros.png 1024w\" sizes=\"(max-width: 300px) 100vw, 300px\" \/>\t\t\t\t\t\t\t\t\t\t\t\t\t\t\t<\/div>\n\t\t\t\t<\/div>\n\t\t\t\t<\/div>\n\t\t\t\t\t<\/div>\n\t\t\t\t<\/div>\n\t\t<div class=\"elementor-element elementor-element-357644c e-flex e-con-boxed e-con e-parent\" data-id=\"357644c\" data-element_type=\"container\">\n\t\t\t\t\t<div class=\"e-con-inner\">\n\t\t\t\t<div class=\"elementor-element elementor-element-5c517b5 elementor-widget elementor-widget-heading\" data-id=\"5c517b5\" data-element_type=\"widget\" data-widget_type=\"heading.default\">\n\t\t\t\t<div class=\"elementor-widget-container\">\n\t\t\t\t\t<h2 class=\"elementor-heading-title elementor-size-default\">NUESTRAS CERTIFICACIONES<\/h2>\t\t\t\t<\/div>\n\t\t\t\t<\/div>\n\t\t\t\t\t<\/div>\n\t\t\t\t<\/div>\n\t\t<div class=\"elementor-element elementor-element-20da5aa e-flex e-con-boxed e-con e-parent\" data-id=\"20da5aa\" data-element_type=\"container\">\n\t\t\t\t\t<div class=\"e-con-inner\">\n\t\t<div class=\"elementor-element elementor-element-af8e794 e-con-full e-flex e-con e-child\" data-id=\"af8e794\" data-element_type=\"container\">\n\t\t\t\t<div class=\"elementor-element elementor-element-c101ec5 elementor-widget elementor-widget-icon-box\" data-id=\"c101ec5\" data-element_type=\"widget\" data-widget_type=\"icon-box.default\">\n\t\t\t\t<div class=\"elementor-widget-container\">\n\t\t\t\t\t\t\t<div class=\"elementor-icon-box-wrapper\">\n\n\t\t\t\n\t\t\t\t\t\t<div class=\"elementor-icon-box-content\">\n\n\t\t\t\t\t\t\t\t\t<h3 class=\"elementor-icon-box-title\">\n\t\t\t\t\t\t<span  >\n\t\t\t\t\t\t\tISO 9001\t\t\t\t\t\t<\/span>\n\t\t\t\t\t<\/h3>\n\t\t\t\t\n\t\t\t\t\t\t\t\t\t<p class=\"elementor-icon-box-description\">\n\t\t\t\t\t\t<div style=\"text-align:justify;font-size:14px;height:150px\"><b>Inkaferro<\/b> cuenta con una certificaci\u00f3n ISO 9001, norma que proporciona un enfoque basado en proceso, que busca lograr la satisfacci\u00f3n de sus clientes y promover la mejora continua.<\/div>\n<a href=\"https:\/\/inkaferro.com.pe\/test\/wp-content\/uploads\/2025\/04\/1177-21-OCS-REV.01-ISO-INKAFERRO-MATRIZ.pdf\" target=\"_blank\" style=\"display:inline-flex;align-items:center;gap:8px;font-weight:bold;font-style:italic;text-decoration:none;color:#B12627;margin-top:10px;\">\n      Ver certificado\n      <i class=\"fa-regular fa-eye\" style=\"font-size:1.3em;\"><\/i>\n    <\/a>\t\t\t\t\t<\/p>\n\t\t\t\t\n\t\t\t<\/div>\n\t\t\t\n\t\t<\/div>\n\t\t\t\t\t\t<\/div>\n\t\t\t\t<\/div>\n\t\t\t\t<\/div>\n\t\t<div class=\"elementor-element elementor-element-c75ba79 e-con-full e-flex e-con e-child\" data-id=\"c75ba79\" data-element_type=\"container\">\n\t\t\t\t<div class=\"elementor-element elementor-element-d8f252d elementor-widget elementor-widget-icon-box\" data-id=\"d8f252d\" data-element_type=\"widget\" data-widget_type=\"icon-box.default\">\n\t\t\t\t<div class=\"elementor-widget-container\">\n\t\t\t\t\t\t\t<div class=\"elementor-icon-box-wrapper\">\n\n\t\t\t\n\t\t\t\t\t\t<div class=\"elementor-icon-box-content\">\n\n\t\t\t\t\t\t\t\t\t<h3 class=\"elementor-icon-box-title\">\n\t\t\t\t\t\t<span  >\n\t\t\t\t\t\t\tISO 45001\t\t\t\t\t\t<\/span>\n\t\t\t\t\t<\/h3>\n\t\t\t\t\n\t\t\t\t\t\t\t\t\t<p class=\"elementor-icon-box-description\">\n\t\t\t\t\t\t<div style=\"text-align:justify;font-size:14px;height:150px\"><b>Inkaferro<\/b> cuenta con una certificaci\u00f3n ISO 45001, norma que proporciona un marco de referencia para gestionar los riesgos y oportunidades de seguridad y salud en el trabajo.<\/div>\n<a href=\"https:\/\/inkaferro.com.pe\/test\/wp-content\/uploads\/2025\/04\/1177-21-OHSAS-REV.01-INKAFERRO-MATRIZ.pdf\" target=\"_blank\" style=\"display:inline-flex;align-items:center;gap:8px;font-weight:bold;font-style:italic;text-decoration:none;color:#B12627;margin-top:10px;\">\n      Ver certificado\n      <i class=\"fa-regular fa-eye\" style=\"font-size:1.3em;\"><\/i>\n    <\/a>\t\t\t\t\t<\/p>\n\t\t\t\t\n\t\t\t<\/div>\n\t\t\t\n\t\t<\/div>\n\t\t\t\t\t\t<\/div>\n\t\t\t\t<\/div>\n\t\t\t\t<\/div>\n\t\t<div class=\"elementor-element elementor-element-2884c21 e-con-full e-flex e-con e-child\" data-id=\"2884c21\" data-element_type=\"container\">\n\t\t\t\t<div class=\"elementor-element elementor-element-25c3cad elementor-widget elementor-widget-icon-box\" data-id=\"25c3cad\" data-element_type=\"widget\" data-widget_type=\"icon-box.default\">\n\t\t\t\t<div class=\"elementor-widget-container\">\n\t\t\t\t\t\t\t<div class=\"elementor-icon-box-wrapper\">\n\n\t\t\t\n\t\t\t\t\t\t<div class=\"elementor-icon-box-content\">\n\n\t\t\t\t\t\t\t\t\t<h3 class=\"elementor-icon-box-title\">\n\t\t\t\t\t\t<span  >\n\t\t\t\t\t\t\tISO 14001\t\t\t\t\t\t<\/span>\n\t\t\t\t\t<\/h3>\n\t\t\t\t\n\t\t\t\t\t\t\t\t\t<p class=\"elementor-icon-box-description\">\n\t\t\t\t\t\t<div style=\"text-align:justify;font-size:14px;height:150px\"><b>Inkaferro<\/b> cuenta con una certificaci\u00f3n ISO 14001, norma que proporciona un marco de referencia para proteger el medio ambiente y responder a las condiciones ambientales cambiantes, en equilibrio con las necesidades socioecon\u00f3micas.<\/div>\n<a href=\"https:\/\/inkaferro.com.pe\/test\/wp-content\/uploads\/2025\/04\/1177-21-OGA-REV.01-INKAFERRO-MATRIZ.pdf\" target=\"_blank\" style=\"display:inline-flex;align-items:center;gap:8px;font-weight:bold;font-style:italic;text-decoration:none;color:#B12627;margin-top:10px;\">\n      Ver certificado\n      <i class=\"fa-regular fa-eye\" style=\"font-size:1.3em;\"><\/i>\n    <\/a>\t\t\t\t\t<\/p>\n\t\t\t\t\n\t\t\t<\/div>\n\t\t\t\n\t\t<\/div>\n\t\t\t\t\t\t<\/div>\n\t\t\t\t<\/div>\n\t\t\t\t<\/div>\n\t\t<div class=\"elementor-element elementor-element-a3797de e-con-full e-flex e-con e-child\" data-id=\"a3797de\" data-element_type=\"container\">\n\t\t\t\t<div class=\"elementor-element elementor-element-55deb54 elementor-widget elementor-widget-icon-box\" data-id=\"55deb54\" data-element_type=\"widget\" data-widget_type=\"icon-box.default\">\n\t\t\t\t<div class=\"elementor-widget-container\">\n\t\t\t\t\t\t\t<div class=\"elementor-icon-box-wrapper\">\n\n\t\t\t\n\t\t\t\t\t\t<div class=\"elementor-icon-box-content\">\n\n\t\t\t\t\t\t\t\t\t<h3 class=\"elementor-icon-box-title\">\n\t\t\t\t\t\t<span  >\n\t\t\t\t\t\t\tISO 37001\t\t\t\t\t\t<\/span>\n\t\t\t\t\t<\/h3>\n\t\t\t\t\n\t\t\t\t\t\t\t\t\t<p class=\"elementor-icon-box-description\">\n\t\t\t\t\t\t<div style=\"text-align:justify;font-size:14px;height:150px\"><b>Inkaferro<\/b> cuenta con una certificaci\u00f3n ISO 37001, norma que proporciona un marco de referencia para prevenir, detectar y abordar el soborno en todas sus formas.<\/div>\n<a href=\"https:\/\/inkaferro.com.pe\/test\/wp-content\/uploads\/2025\/04\/1177-21-OCA-REV.01-INKAFERRO-MATRIZ.pdf\" target=\"_blank\" style=\"display:inline-flex;align-items:center;gap:8px;font-weight:bold;font-style:italic;text-decoration:none;color:#B12627;margin-top:10px;\">\n      Ver certificado\n      <i class=\"fa-regular fa-eye\" style=\"font-size:1.3em;\"><\/i>\n    <\/a>\t\t\t\t\t<\/p>\n\t\t\t\t\n\t\t\t<\/div>\n\t\t\t\n\t\t<\/div>\n\t\t\t\t\t\t<\/div>\n\t\t\t\t<\/div>\n\t\t\t\t<\/div>\n\t\t\t\t\t<\/div>\n\t\t\t\t<\/div>\n\t\t\t\t<\/div>\n\t\t","protected":false},"excerpt":{"rendered":"<p>SISTEMA Integrado de Gesti\u00f3n Inkaferro preocupado constantemente en brindar un buen servicio y llevar productos de calidad a cada uno de sus clientes, decidi\u00f3 en el a\u00f1o 2013 asumir el reto de establecer un Sistema de Gesti\u00f3n de Calidad, modelo de gesti\u00f3n con un enfoque basado en procesos, que busca principalmente lograr la satisfacci\u00f3n de sus clientes y promover la mejora continua. Con el objetivo de seguir fortaleci\u00e9ndonos y mejorar[&hellip;]<\/p>\n","protected":false},"author":1,"featured_media":0,"parent":0,"menu_order":7,"comment_status":"closed","ping_status":"closed","template":"","meta":{"_acf_changed":false,"footnotes":""},"class_list":["post-80","page","type-page","status-publish","hentry"],"acf":[],"_links":{"self":[{"href":"https:\/\/inkaferro.com.pe\/test\/wp-json\/wp\/v2\/pages\/80","targetHints":{"allow":["GET"]}}],"collection":[{"href":"https:\/\/inkaferro.com.pe\/test\/wp-json\/wp\/v2\/pages"}],"about":[{"href":"https:\/\/inkaferro.com.pe\/test\/wp-json\/wp\/v2\/types\/page"}],"author":[{"embeddable":true,"href":"https:\/\/inkaferro.com.pe\/test\/wp-json\/wp\/v2\/users\/1"}],"replies":[{"embeddable":true,"href":"https:\/\/inkaferro.com.pe\/test\/wp-json\/wp\/v2\/comments?post=80"}],"version-history":[{"count":67,"href":"https:\/\/inkaferro.com.pe\/test\/wp-json\/wp\/v2\/pages\/80\/revisions"}],"predecessor-version":[{"id":1772,"href":"https:\/\/inkaferro.com.pe\/test\/wp-json\/wp\/v2\/pages\/80\/revisions\/1772"}],"wp:attachment":[{"href":"https:\/\/inkaferro.com.pe\/test\/wp-json\/wp\/v2\/media?parent=80"}],"curies":[{"name":"wp","href":"https:\/\/api.w.org\/{rel}","templated":true}]}}