{"id":1062,"date":"2025-06-03T21:23:16","date_gmt":"2025-06-03T21:23:16","guid":{"rendered":"https:\/\/inkaferro.com.pe\/test\/?page_id=1062"},"modified":"2025-08-02T15:48:27","modified_gmt":"2025-08-02T15:48:27","slug":"inkaferro-te-escucha","status":"publish","type":"page","link":"https:\/\/inkaferro.com.pe\/test\/inkaferro-te-escucha\/","title":{"rendered":"Inkaferro te escucha"},"content":{"rendered":"\t\t<div data-elementor-type=\"wp-page\" data-elementor-id=\"1062\" class=\"elementor elementor-1062\" data-elementor-post-type=\"page\">\n\t\t\t\t\t\t<section class=\"elementor-section elementor-top-section elementor-element elementor-element-155298f dsvy-bg-color-yes dsvy-elementor-bg-color-white elementor-section-content-middle elementor-section-stretched dsvy-col-stretched-none dsvy-bg-color-over-image elementor-section-boxed elementor-section-height-default elementor-section-height-default\" data-id=\"155298f\" data-element_type=\"section\" data-settings=\"{&quot;stretch_section&quot;:&quot;section-stretched&quot;}\">\n\t\t\t\t\t\t<div class=\"elementor-container elementor-column-gap-default\">\n\t\t\t\t\t<div class=\"elementor-column elementor-col-50 elementor-top-column elementor-element elementor-element-6e5866b dsvy-bg-color-over-image\" data-id=\"6e5866b\" data-element_type=\"column\">\n\t\t\t<div class=\"elementor-widget-wrap elementor-element-populated\">\n\t\t\t\t\t\t<div class=\"elementor-element elementor-element-12acb9f elementor-widget elementor-widget-heading\" data-id=\"12acb9f\" data-element_type=\"widget\" data-widget_type=\"heading.default\">\n\t\t\t\t<div class=\"elementor-widget-container\">\n\t\t\t\t\t<h2 class=\"elementor-heading-title elementor-size-default\">INKAFERRO TE ESCUCHA<\/h2>\t\t\t\t<\/div>\n\t\t\t\t<\/div>\n\t\t\t\t<div class=\"elementor-element elementor-element-ef5a4c7 elementor-widget-divider--view-line elementor-widget elementor-widget-divider\" data-id=\"ef5a4c7\" data-element_type=\"widget\" data-widget_type=\"divider.default\">\n\t\t\t\t<div class=\"elementor-widget-container\">\n\t\t\t\t\t\t\t<div class=\"elementor-divider\">\n\t\t\t<span class=\"elementor-divider-separator\">\n\t\t\t\t\t\t<\/span>\n\t\t<\/div>\n\t\t\t\t\t\t<\/div>\n\t\t\t\t<\/div>\n\t\t\t\t<div class=\"elementor-element elementor-element-b36f80a dsvy-align-left elementor-widget elementor-widget-dsvy_heading\" data-id=\"b36f80a\" data-element_type=\"widget\" data-widget_type=\"dsvy_heading.default\">\n\t\t\t\t<div class=\"elementor-widget-container\">\n\t\t\t\t\t\t<div class=\"dsvy-heading-subheading left-align dsvy-reverse-heading-yes\"><div class=\"dsvy-heading-desc\"><div style=\"text-align:justify\"><strong>INKAFERRO<\/strong> desarrolla su negocio de forma justa, transparente y honesta. Este es el compromiso que asumimos con todos nuestros colaboradores, clientes, proveedores y con la sociedad. \n<\/br>\n<\/br>El canal <strong>INKAFERRO TE ESCUCHA<\/strong> permite reportar conductas que puedan ser no \u00e9ticas o que violen las normas profesionales. Pueden realizar sus reportes utilizando los canales de atenci\u00f3n que se indican a continuaci\u00f3n:<\/div><\/div><\/div>\t\t\t\t<\/div>\n\t\t\t\t<\/div>\n\t\t\t\t\t<\/div>\n\t\t<\/div>\n\t\t\t\t<div class=\"elementor-column elementor-col-50 elementor-top-column elementor-element elementor-element-bfc0db9 dsvy-bg-color-over-image\" data-id=\"bfc0db9\" data-element_type=\"column\" data-settings=\"{&quot;background_background&quot;:&quot;classic&quot;}\">\n\t\t\t<div class=\"elementor-widget-wrap elementor-element-populated\">\n\t\t\t\t\t\t<div class=\"elementor-element elementor-element-d40ce21 dce_masking-none elementor-widget elementor-widget-image\" data-id=\"d40ce21\" data-element_type=\"widget\" data-widget_type=\"image.default\">\n\t\t\t\t<div class=\"elementor-widget-container\">\n\t\t\t\t\t\t\t\t\t\t\t\t\t\t\t<img fetchpriority=\"high\" decoding=\"async\" width=\"800\" height=\"800\" src=\"https:\/\/inkaferro.com.pe\/test\/wp-content\/uploads\/2025\/06\/antisoborno-ink.webp\" class=\"attachment-full size-full wp-image-1083\" alt=\"\" srcset=\"https:\/\/inkaferro.com.pe\/test\/wp-content\/uploads\/2025\/06\/antisoborno-ink.webp 800w, https:\/\/inkaferro.com.pe\/test\/wp-content\/uploads\/2025\/06\/antisoborno-ink-300x300.webp 300w, https:\/\/inkaferro.com.pe\/test\/wp-content\/uploads\/2025\/06\/antisoborno-ink-150x150.webp 150w, https:\/\/inkaferro.com.pe\/test\/wp-content\/uploads\/2025\/06\/antisoborno-ink-768x768.webp 768w, https:\/\/inkaferro.com.pe\/test\/wp-content\/uploads\/2025\/06\/antisoborno-ink-770x770.webp 770w\" sizes=\"(max-width: 800px) 100vw, 800px\" \/>\t\t\t\t\t\t\t\t\t\t\t\t\t\t\t<\/div>\n\t\t\t\t<\/div>\n\t\t\t\t\t<\/div>\n\t\t<\/div>\n\t\t\t\t\t<\/div>\n\t\t<\/section>\n\t\t\t\t<section data-dce-background-color=\"#B12627\" class=\"elementor-section elementor-top-section elementor-element elementor-element-f7cb82e elementor-section-stretched dsvy-text-color-white dsvy-col-stretched-none dsvy-bg-color-over-image elementor-section-boxed elementor-section-height-default elementor-section-height-default\" data-id=\"f7cb82e\" data-element_type=\"section\" data-settings=\"{&quot;stretch_section&quot;:&quot;section-stretched&quot;,&quot;background_background&quot;:&quot;classic&quot;}\">\n\t\t\t\t\t\t<div class=\"elementor-container elementor-column-gap-no\">\n\t\t\t\t\t<div class=\"elementor-column elementor-col-100 elementor-top-column elementor-element elementor-element-8b54c16 dsvy-bg-color-over-image\" data-id=\"8b54c16\" data-element_type=\"column\">\n\t\t\t<div class=\"elementor-widget-wrap elementor-element-populated\">\n\t\t\t\t\t\t<div class=\"elementor-element elementor-element-f78df9c elementor-widget elementor-widget-heading\" data-id=\"f78df9c\" data-element_type=\"widget\" data-widget_type=\"heading.default\">\n\t\t\t\t<div class=\"elementor-widget-container\">\n\t\t\t\t\t<h5 class=\"elementor-heading-title elementor-size-default\">Puedes realizar tus reportes utilizando los siguientes canales de comunicaci\u00f3n:<\/h5>\t\t\t\t<\/div>\n\t\t\t\t<\/div>\n\t\t\t\t\t<\/div>\n\t\t<\/div>\n\t\t\t\t\t<\/div>\n\t\t<\/section>\n\t\t\t\t<section data-dce-background-color=\"#B12627\" class=\"elementor-section elementor-top-section elementor-element elementor-element-d563495 elementor-section-stretched dsvy-text-color-white dsvy-col-stretched-none dsvy-bg-color-over-image elementor-section-boxed elementor-section-height-default elementor-section-height-default\" data-id=\"d563495\" data-element_type=\"section\" data-settings=\"{&quot;stretch_section&quot;:&quot;section-stretched&quot;,&quot;background_background&quot;:&quot;classic&quot;}\">\n\t\t\t\t\t\t<div class=\"elementor-container elementor-column-gap-no\">\n\t\t\t\t\t<div class=\"elementor-column elementor-col-100 elementor-top-column elementor-element elementor-element-f87be18 dsvy-bg-color-over-image\" data-id=\"f87be18\" data-element_type=\"column\">\n\t\t\t<div class=\"elementor-widget-wrap elementor-element-populated\">\n\t\t\t\t<div class=\"elementor-element elementor-element-3e072da e-grid e-con-boxed e-con e-parent\" data-id=\"3e072da\" data-element_type=\"container\">\n\t\t\t\t\t<div class=\"e-con-inner\">\n\t\t\t\t<div class=\"elementor-element elementor-element-a227d35 elementor-view-default elementor-position-top elementor-mobile-position-top elementor-widget elementor-widget-icon-box\" data-id=\"a227d35\" data-element_type=\"widget\" data-widget_type=\"icon-box.default\">\n\t\t\t\t<div class=\"elementor-widget-container\">\n\t\t\t\t\t\t\t<div class=\"elementor-icon-box-wrapper\">\n\n\t\t\t\t\t\t<div class=\"elementor-icon-box-icon\">\n\t\t\t\t<span  class=\"elementor-icon\">\n\t\t\t\t<i aria-hidden=\"true\" class=\"fas fa-user-cog\"><\/i>\t\t\t\t<\/span>\n\t\t\t<\/div>\n\t\t\t\n\t\t\t\t\t\t<div class=\"elementor-icon-box-content\">\n\n\t\t\t\t\t\t\t\t\t<h3 class=\"elementor-icon-box-title\">\n\t\t\t\t\t\t<span  >\n\t\t\t\t\t\t\tMESA DE PARTE\t\t\t\t\t\t<\/span>\n\t\t\t\t\t<\/h3>\n\t\t\t\t\n\t\t\t\t\t\t\t\t\t<p class=\"elementor-icon-box-description\">\n\t\t\t\t\t\t<div style=\"text-align:justify;\">Puedes presentar tu denuncia de manera escrita. Para ello debes ingresar un documento ante la mesa de parte presencial en nuestra sede principal, Av. Argentina 3441- Callao, de lunes a viernes, de 8:00 am a 5:00pm.<\/div>\t\t\t\t\t<\/p>\n\t\t\t\t\n\t\t\t<\/div>\n\t\t\t\n\t\t<\/div>\n\t\t\t\t\t\t<\/div>\n\t\t\t\t<\/div>\n\t\t\t\t<div class=\"elementor-element elementor-element-4bcd10b elementor-view-default elementor-position-top elementor-mobile-position-top elementor-widget elementor-widget-icon-box\" data-id=\"4bcd10b\" data-element_type=\"widget\" data-widget_type=\"icon-box.default\">\n\t\t\t\t<div class=\"elementor-widget-container\">\n\t\t\t\t\t\t\t<div class=\"elementor-icon-box-wrapper\">\n\n\t\t\t\t\t\t<div class=\"elementor-icon-box-icon\">\n\t\t\t\t<span  class=\"elementor-icon\">\n\t\t\t\t<i aria-hidden=\"true\" class=\"mdi mdi-email\"><\/i>\t\t\t\t<\/span>\n\t\t\t<\/div>\n\t\t\t\n\t\t\t\t\t\t<div class=\"elementor-icon-box-content\">\n\n\t\t\t\t\t\t\t\t\t<h3 class=\"elementor-icon-box-title\">\n\t\t\t\t\t\t<span  >\n\t\t\t\t\t\t\tCORREO ELECTR\u00d3NICO\t\t\t\t\t\t<\/span>\n\t\t\t\t\t<\/h3>\n\t\t\t\t\n\t\t\t\t\t\t\t\t\t<p class=\"elementor-icon-box-description\">\n\t\t\t\t\t\t<div style=\"text-align:justify;\">Puedes presentar tu denuncia de manera virtual a trav\u00e9s del correo <a style=\"color:white;font-weight:600\" href=\"mailto:reportes@inkaferro.com.pe\">reportes@inkaferro.com.pe<\/a>, las veinticuatro (24) hora del d\u00eda, los siete d\u00edas de la semana. Si deseas reservar tu identidad puedes realizar tu denuncia de forma an\u00f3nima v\u00eda mail.<\/div>\t\t\t\t\t<\/p>\n\t\t\t\t\n\t\t\t<\/div>\n\t\t\t\n\t\t<\/div>\n\t\t\t\t\t\t<\/div>\n\t\t\t\t<\/div>\n\t\t\t\t\t<\/div>\n\t\t\t\t<\/div>\n\t\t\t\t\t<\/div>\n\t\t<\/div>\n\t\t\t\t\t<\/div>\n\t\t<\/section>\n\t\t\t\t<section data-dce-background-color=\"#FFFFFF\" class=\"elementor-section elementor-top-section elementor-element elementor-element-7f735d4 elementor-section-stretched dsvy-text-color-white dsvy-col-stretched-none dsvy-bg-color-over-image elementor-section-boxed elementor-section-height-default elementor-section-height-default\" data-id=\"7f735d4\" data-element_type=\"section\" id=\"formato-denuncia\" data-settings=\"{&quot;stretch_section&quot;:&quot;section-stretched&quot;,&quot;background_background&quot;:&quot;classic&quot;}\">\n\t\t\t\t\t\t<div class=\"elementor-container elementor-column-gap-no\">\n\t\t\t\t\t<div class=\"elementor-column elementor-col-50 elementor-top-column elementor-element elementor-element-79908ab dsvy-bg-color-over-image\" data-id=\"79908ab\" data-element_type=\"column\">\n\t\t\t<div class=\"elementor-widget-wrap elementor-element-populated\">\n\t\t\t\t\t\t<div class=\"elementor-element elementor-element-c3310a9 dce_masking-none elementor-widget elementor-widget-image\" data-id=\"c3310a9\" data-element_type=\"widget\" data-widget_type=\"image.default\">\n\t\t\t\t<div class=\"elementor-widget-container\">\n\t\t\t\t\t\t\t\t\t\t\t\t\t\t\t<img decoding=\"async\" width=\"800\" height=\"800\" src=\"https:\/\/inkaferro.com.pe\/test\/wp-content\/uploads\/2025\/06\/antisoborno-ink-2.webp\" class=\"attachment-full size-full wp-image-1082\" alt=\"\" srcset=\"https:\/\/inkaferro.com.pe\/test\/wp-content\/uploads\/2025\/06\/antisoborno-ink-2.webp 800w, https:\/\/inkaferro.com.pe\/test\/wp-content\/uploads\/2025\/06\/antisoborno-ink-2-300x300.webp 300w, https:\/\/inkaferro.com.pe\/test\/wp-content\/uploads\/2025\/06\/antisoborno-ink-2-150x150.webp 150w, https:\/\/inkaferro.com.pe\/test\/wp-content\/uploads\/2025\/06\/antisoborno-ink-2-768x768.webp 768w, https:\/\/inkaferro.com.pe\/test\/wp-content\/uploads\/2025\/06\/antisoborno-ink-2-770x770.webp 770w\" sizes=\"(max-width: 800px) 100vw, 800px\" \/>\t\t\t\t\t\t\t\t\t\t\t\t\t\t\t<\/div>\n\t\t\t\t<\/div>\n\t\t\t\t\t<\/div>\n\t\t<\/div>\n\t\t\t\t<div class=\"elementor-column elementor-col-50 elementor-top-column elementor-element elementor-element-e6ab879 dsvy-bg-color-over-image\" data-id=\"e6ab879\" data-element_type=\"column\">\n\t\t\t<div class=\"elementor-widget-wrap elementor-element-populated\">\n\t\t\t\t\t\t<div class=\"elementor-element elementor-element-147ec52 elementor-widget elementor-widget-heading\" data-id=\"147ec52\" data-element_type=\"widget\" data-widget_type=\"heading.default\">\n\t\t\t\t<div class=\"elementor-widget-container\">\n\t\t\t\t\t<h2 class=\"elementor-heading-title elementor-size-default\">FORMULARIO DE DENUNCIA<\/h2>\t\t\t\t<\/div>\n\t\t\t\t<\/div>\n\t\t\t\t<div class=\"elementor-element elementor-element-77a6d5a dsvy-btn-color-globalcolor dsvy-btn-style-flat dsvy-btn-shape-square elementor-widget elementor-widget-button\" data-id=\"77a6d5a\" data-element_type=\"widget\" data-widget_type=\"button.default\">\n\t\t\t\t<div class=\"elementor-widget-container\">\n\t\t\t\t\t\t\t\t\t<div class=\"elementor-button-wrapper\">\n\t\t\t\t\t<a class=\"elementor-button elementor-button-link elementor-size-sm\" href=\"#elementor-action%3Aaction%3Dpopup%3Aopen%26settings%3DeyJpZCI6Ijg0OSIsInRvZ2dsZSI6ZmFsc2V9\">\n\t\t\t\t\t\t<span class=\"elementor-button-content-wrapper\">\n\t\t\t\t\t\t\t\t\t<span class=\"elementor-button-text\">REGISTRA TU REPORTE<\/span>\n\t\t\t\t\t<\/span>\n\t\t\t\t\t<\/a>\n\t\t\t\t<\/div>\n\t\t\t\t\t\t\t\t<\/div>\n\t\t\t\t<\/div>\n\t\t\t\t<div class=\"elementor-element elementor-element-5e56884 elementor-widget elementor-widget-text-editor\" data-id=\"5e56884\" data-element_type=\"widget\" data-widget_type=\"text-editor.default\">\n\t\t\t\t<div class=\"elementor-widget-container\">\n\t\t\t\t\t\t\t\t\t* Todas las denuncias son administradas con la confidencialidad.\t\t\t\t\t\t\t\t<\/div>\n\t\t\t\t<\/div>\n\t\t\t\t\t<\/div>\n\t\t<\/div>\n\t\t\t\t\t<\/div>\n\t\t<\/section>\n\t\t<div data-dce-background-color=\"#B12627\" class=\"elementor-element elementor-element-a17d1b8 e-flex e-con-boxed e-con e-parent\" data-id=\"a17d1b8\" data-element_type=\"container\" data-settings=\"{&quot;background_background&quot;:&quot;classic&quot;}\">\n\t\t\t\t\t<div class=\"e-con-inner\">\n\t\t<div class=\"elementor-element elementor-element-4eadf06 e-con-full e-flex e-con e-child\" data-id=\"4eadf06\" data-element_type=\"container\">\n\t\t\t\t<div class=\"elementor-element elementor-element-bd7178a elementor-widget elementor-widget-text-editor\" data-id=\"bd7178a\" data-element_type=\"widget\" data-widget_type=\"text-editor.default\">\n\t\t\t\t<div class=\"elementor-widget-container\">\n\t\t\t\t\t\t\t\t\t<p><strong>CONOCE NUESTRAS POL\u00cdTICAS:<\/strong><\/p><ul><li>Pol\u00edtica Antisoborno (Espa\u00f1ol)<a style=\"display: inline-flex; align-items: center; gap: 8px; font-weight: bold; font-style: italic; text-decoration: none; color: #fff; margin-top: 10px;\" href=\"https:\/\/inkaferro.com.pe\/test\/wp-content\/uploads\/2025\/06\/SGAS.PL_.01-Politica-Antisoborno-de-INKAFERRO-V02-.-Espanol.pdf\" target=\"_blank\" rel=\"noopener\"><br \/><span style=\"text-decoration: underline;\">Ver documento<\/span><\/a><\/li><li>Pol\u00edtica Antisoborno (Portugu\u00e9s) <a style=\"display: inline-flex; align-items: center; gap: 8px; font-weight: bold; font-style: italic; text-decoration: none; color: #fff; margin-top: 10px;\" href=\"https:\/\/inkaferro.com.pe\/test\/wp-content\/uploads\/2025\/06\/SGAS.PL_.01-Politica-Antisoborno-de-INKAFERRO-V02-Portugues.pdf\" target=\"_blank\" rel=\"noopener\"><br \/><span style=\"text-decoration: underline;\">Ver documento<\/span><\/a><\/li><li>Pol\u00edtica Antisoborno (Ingles) <a style=\"display: inline-flex; align-items: center; gap: 8px; font-weight: bold; font-style: italic; text-decoration: none; color: #fff; margin-top: 10px;\" href=\"https:\/\/inkaferro.com.pe\/test\/wp-content\/uploads\/2025\/06\/SGAS.PL_.01-Politica-Antisoborno-de-INKAFERRO-V02-ingles.pdf\" target=\"_blank\" rel=\"noopener\"><br \/><span style=\"text-decoration: underline;\">Ver documento<\/span><br \/><\/a><\/li><\/ul>\t\t\t\t\t\t\t\t<\/div>\n\t\t\t\t<\/div>\n\t\t\t\t<\/div>\n\t\t\t\t\t<\/div>\n\t\t\t\t<\/div>\n\t\t\t\t<\/div>\n\t\t","protected":false},"excerpt":{"rendered":"<p>INKAFERRO TE ESCUCHA INKAFERRO desarrolla su negocio de forma justa, transparente y honesta. Este es el compromiso que asumimos con todos nuestros colaboradores, clientes, proveedores y con la sociedad. El canal INKAFERRO TE ESCUCHA permite reportar conductas que puedan ser no \u00e9ticas o que violen las normas profesionales. Pueden realizar sus reportes utilizando los canales de atenci\u00f3n que se indican a continuaci\u00f3n: Puedes realizar tus reportes utilizando los siguientes canales[&hellip;]<\/p>\n","protected":false},"author":1,"featured_media":0,"parent":0,"menu_order":7,"comment_status":"closed","ping_status":"closed","template":"","meta":{"_acf_changed":false,"footnotes":""},"class_list":["post-1062","page","type-page","status-publish","hentry"],"acf":[],"_links":{"self":[{"href":"https:\/\/inkaferro.com.pe\/test\/wp-json\/wp\/v2\/pages\/1062","targetHints":{"allow":["GET"]}}],"collection":[{"href":"https:\/\/inkaferro.com.pe\/test\/wp-json\/wp\/v2\/pages"}],"about":[{"href":"https:\/\/inkaferro.com.pe\/test\/wp-json\/wp\/v2\/types\/page"}],"author":[{"embeddable":true,"href":"https:\/\/inkaferro.com.pe\/test\/wp-json\/wp\/v2\/users\/1"}],"replies":[{"embeddable":true,"href":"https:\/\/inkaferro.com.pe\/test\/wp-json\/wp\/v2\/comments?post=1062"}],"version-history":[{"count":58,"href":"https:\/\/inkaferro.com.pe\/test\/wp-json\/wp\/v2\/pages\/1062\/revisions"}],"predecessor-version":[{"id":1731,"href":"https:\/\/inkaferro.com.pe\/test\/wp-json\/wp\/v2\/pages\/1062\/revisions\/1731"}],"wp:attachment":[{"href":"https:\/\/inkaferro.com.pe\/test\/wp-json\/wp\/v2\/media?parent=1062"}],"curies":[{"name":"wp","href":"https:\/\/api.w.org\/{rel}","templated":true}]}}