{"id":1030,"date":"2025-06-02T20:36:01","date_gmt":"2025-06-02T20:36:01","guid":{"rendered":"https:\/\/inkaferro.com.pe\/test\/?page_id=1030"},"modified":"2025-07-17T18:30:32","modified_gmt":"2025-07-17T18:30:32","slug":"chofer-de-reparto-sede-callao","status":"publish","type":"page","link":"https:\/\/inkaferro.com.pe\/test\/chofer-de-reparto-sede-callao\/","title":{"rendered":"Chofer de Reparto Sede Callao"},"content":{"rendered":"\t\t<div data-elementor-type=\"wp-page\" data-elementor-id=\"1030\" class=\"elementor elementor-1030\" data-elementor-post-type=\"page\">\n\t\t\t\t\t\t<div class=\"elementor-section elementor-top-section elementor-element elementor-element-1344fac dsvy-bg-color-yes dsvy-elementor-bg-color-white elementor-section-stretched dsvy-icon-box-hover-effect dsvy-col-stretched-none dsvy-bg-color-over-image elementor-section-boxed elementor-section-height-default elementor-section-height-default\" data-id=\"1344fac\" data-element_type=\"section\" data-settings=\"{&quot;stretch_section&quot;:&quot;section-stretched&quot;}\">\n\t\t\t\t\t\t<div class=\"elementor-container elementor-column-gap-no\">\n\t\t\t\t\t<div class=\"elementor-column elementor-col-100 elementor-top-column elementor-element elementor-element-ba5d86b dsvy-bg-color-over-image\" data-id=\"ba5d86b\" data-element_type=\"column\">\n\t\t\t<div class=\"elementor-widget-wrap elementor-element-populated\">\n\t\t\t\t\t\t<section class=\"elementor-section elementor-inner-section elementor-element elementor-element-3718a33 dsvy-col-stretched-none dsvy-bg-color-over-image elementor-section-boxed elementor-section-height-default elementor-section-height-default\" data-id=\"3718a33\" data-element_type=\"section\">\n\t\t\t\t\t\t<div class=\"elementor-container elementor-column-gap-no\">\n\t\t\t\t\t<div class=\"elementor-column elementor-col-50 elementor-inner-column elementor-element elementor-element-e71d4e5 dsvy-bg-color-over-image\" data-id=\"e71d4e5\" data-element_type=\"column\">\n\t\t\t<div class=\"elementor-widget-wrap elementor-element-populated\">\n\t\t\t\t\t\t<div class=\"elementor-element elementor-element-d2d08a1 dce_masking-none elementor-widget elementor-widget-image-box\" data-id=\"d2d08a1\" data-element_type=\"widget\" data-widget_type=\"image-box.default\">\n\t\t\t\t<div class=\"elementor-widget-container\">\n\t\t\t\t\t<div class=\"elementor-image-box-wrapper\"><div class=\"elementor-image-box-content\"><h3 class=\"elementor-image-box-title\">REQUISITOS:<\/h3><\/div><\/div>\t\t\t\t<\/div>\n\t\t\t\t<\/div>\n\t\t\t\t<div class=\"elementor-element elementor-element-f0c16c7 elementor-widget elementor-widget-text-editor\" data-id=\"f0c16c7\" data-element_type=\"widget\" data-widget_type=\"text-editor.default\">\n\t\t\t\t<div class=\"elementor-widget-container\">\n\t\t\t\t\t\t\t\t\t<ul><li>Contar con estudios m\u00ednimo de Secundaria Completa.<\/li><li>Experiencia m\u00ednima de 1 a\u00f1o realizando funciones como chofer de reparto con SemiTrailer Caja Fuller internacional.<\/li><li>Deseable conocimientos en el manejo del SemiTrailer para distribuir material de construcci\u00f3n<\/li><\/ul>\t\t\t\t\t\t\t\t<\/div>\n\t\t\t\t<\/div>\n\t\t\t\t<div class=\"elementor-element elementor-element-25eeae4 dce_masking-none elementor-widget elementor-widget-image-box\" data-id=\"25eeae4\" data-element_type=\"widget\" data-widget_type=\"image-box.default\">\n\t\t\t\t<div class=\"elementor-widget-container\">\n\t\t\t\t\t<div class=\"elementor-image-box-wrapper\"><div class=\"elementor-image-box-content\"><h3 class=\"elementor-image-box-title\">FUNCIONES:<\/h3><\/div><\/div>\t\t\t\t<\/div>\n\t\t\t\t<\/div>\n\t\t\t\t<div class=\"elementor-element elementor-element-9170046 elementor-widget elementor-widget-text-editor\" data-id=\"9170046\" data-element_type=\"widget\" data-widget_type=\"text-editor.default\">\n\t\t\t\t<div class=\"elementor-widget-container\">\n\t\t\t\t\t\t\t\t\t<ul>\n<li>Verificaci\u00f3n de los materiales a cargar para despacho (Seg\u00fan gu\u00eda y nota de pedido).<\/li>\n <li>Verificaci\u00f3n de los documentos, sustento de despacho asignados a su unidad de transporte.<\/li>\n <li>Reportar al Supervisor de turno y\/o jefe de Almac\u00e9n sobre cualquier incidente o queja presentada durante el tr\u00e1nsito o despacho.<\/li>\n <li>Controla y reporta al Asistente de Almac\u00e9n, los vencimientos de SOAT, Revisi\u00f3n T\u00e9cnica, Licencias y permisos de ruta para su renovaci\u00f3n inmediata.<\/li>\n <li>Inspeccionar y registrar en el check list el estado de la unidad de transporte al inicio y fin de su turno de trabajo.<\/li>\n <li>Cumplir con el reglamento nacional de tr\u00e1nsito.<\/li>\n<\/ul>\t\t\t\t\t\t\t\t<\/div>\n\t\t\t\t<\/div>\n\t\t\t\t\t<\/div>\n\t\t<\/div>\n\t\t\t\t<div class=\"elementor-column elementor-col-50 elementor-inner-column elementor-element elementor-element-5f55a61 dsvy-bg-color-over-image\" data-id=\"5f55a61\" data-element_type=\"column\">\n\t\t\t<div class=\"elementor-widget-wrap elementor-element-populated\">\n\t\t\t\t\t\t<div class=\"elementor-element elementor-element-d7a466d dce_masking-none elementor-widget elementor-widget-image-box\" data-id=\"d7a466d\" data-element_type=\"widget\" data-widget_type=\"image-box.default\">\n\t\t\t\t<div class=\"elementor-widget-container\">\n\t\t\t\t\t<div class=\"elementor-image-box-wrapper\"><div class=\"elementor-image-box-content\"><h3 class=\"elementor-image-box-title\">\u00bfQU\u00c9 OFRECEMOS?<\/h3><\/div><\/div>\t\t\t\t<\/div>\n\t\t\t\t<\/div>\n\t\t\t\t<div class=\"elementor-element elementor-element-2f66a0d elementor-widget elementor-widget-text-editor\" data-id=\"2f66a0d\" data-element_type=\"widget\" data-widget_type=\"text-editor.default\">\n\t\t\t\t<div class=\"elementor-widget-container\">\n\t\t\t\t\t\t\t\t\t<ul><li>Ingreso a planilla con todos los beneficios de ley.<\/li><li>Tarjeta de Alimentaci\u00f3n.<\/li><li>Pertenecer a empresa l\u00edder en su rubro.<\/li><\/ul><p><span style=\"color: #b12627;\"><strong>\u00a1El\u00a0mejor\u00a0equipo\u00a0de\u00a0trabajo\u00a0te\u00a0est\u00e1\u00a0esperando!<\/strong><\/span><\/p>\t\t\t\t\t\t\t\t<\/div>\n\t\t\t\t<\/div>\n\t\t\t\t<div class=\"elementor-element elementor-element-a297e61 elementor-button-align-stretch elementor-widget elementor-widget-form\" data-id=\"a297e61\" data-element_type=\"widget\" data-settings=\"{&quot;step_next_label&quot;:&quot;Next&quot;,&quot;step_previous_label&quot;:&quot;Previous&quot;,&quot;button_width&quot;:&quot;100&quot;,&quot;dce_confirm_dialog_enabled&quot;:&quot;no&quot;,&quot;step_type&quot;:&quot;number_text&quot;,&quot;step_icon_shape&quot;:&quot;circle&quot;,&quot;label_icon_size&quot;:{&quot;unit&quot;:&quot;px&quot;,&quot;size&quot;:&quot;&quot;,&quot;sizes&quot;:[]},&quot;field_icon_size&quot;:{&quot;unit&quot;:&quot;px&quot;,&quot;size&quot;:&quot;&quot;,&quot;sizes&quot;:[]}}\" data-widget_type=\"form.default\">\n\t\t\t\t<div class=\"elementor-widget-container\">\n\t\t\t\t\t\t\t<form class=\"elementor-form\" method=\"post\" name=\"New Form\">\n\t\t\t<input type=\"hidden\" name=\"post_id\" value=\"1030\"\/>\n\t\t\t<input type=\"hidden\" name=\"form_id\" value=\"a297e61\"\/>\n\t\t\t<input type=\"hidden\" name=\"referer_title\" value=\"\" \/>\n\n\t\t\t\n\t\t\t<div class=\"elementor-form-fields-wrapper elementor-labels-above\">\n\t\t\t\t\t\t\t\t<div class=\"elementor-field-type-text elementor-field-group elementor-column elementor-field-group-name elementor-col-50 elementor-field-required elementor-mark-required\">\n\t\t\t\t\t\t\t\t\t\t\t\t<label for=\"form-field-name\" class=\"elementor-field-label\">\n\t\t\t\t\t\t\t\tNombres\t\t\t\t\t\t\t<\/label>\n\t\t\t\t\t\t\t\t\t\t\t\t\t\t<input size=\"1\" type=\"text\" name=\"form_fields[name]\" id=\"form-field-name\" class=\"elementor-field elementor-size-sm  elementor-field-textual\" placeholder=\"Nombres completos*\" required=\"required\">\n\t\t\t\t\t\t\t\t\t\t\t<\/div>\n\t\t\t\t\t\t\t\t<div class=\"elementor-field-type-text elementor-field-group elementor-column elementor-field-group-field_8bb9247 elementor-col-50 elementor-field-required elementor-mark-required\">\n\t\t\t\t\t\t\t\t\t\t\t\t<label for=\"form-field-field_8bb9247\" class=\"elementor-field-label\">\n\t\t\t\t\t\t\t\tNro. Documento\t\t\t\t\t\t\t<\/label>\n\t\t\t\t\t\t\t\t\t\t\t\t\t\t<input size=\"1\" type=\"text\" name=\"form_fields[field_8bb9247]\" id=\"form-field-field_8bb9247\" class=\"elementor-field elementor-size-sm  elementor-field-textual\" placeholder=\"DNI\" required=\"required\">\n\t\t\t\t\t\t\t\t\t\t\t<\/div>\n\t\t\t\t\t\t\t\t<div class=\"elementor-field-type-text elementor-field-group elementor-column elementor-field-group-field_e671ddc elementor-col-50 elementor-field-required elementor-mark-required\">\n\t\t\t\t\t\t\t\t\t\t\t\t<label for=\"form-field-field_e671ddc\" class=\"elementor-field-label\">\n\t\t\t\t\t\t\t\tTel\u00e9fono de contacto\t\t\t\t\t\t\t<\/label>\n\t\t\t\t\t\t\t\t\t\t\t\t\t\t<input size=\"1\" type=\"text\" name=\"form_fields[field_e671ddc]\" id=\"form-field-field_e671ddc\" class=\"elementor-field elementor-size-sm  elementor-field-textual\" placeholder=\"Tel\u00e9fono\/Celular\" required=\"required\">\n\t\t\t\t\t\t\t\t\t\t\t<\/div>\n\t\t\t\t\t\t\t\t<div class=\"elementor-field-type-email elementor-field-group elementor-column elementor-field-group-email elementor-col-50 elementor-field-required elementor-mark-required\">\n\t\t\t\t\t\t\t\t\t\t\t\t<label for=\"form-field-email\" class=\"elementor-field-label\">\n\t\t\t\t\t\t\t\tCorreo Electr\u00f3nico\t\t\t\t\t\t\t<\/label>\n\t\t\t\t\t\t\t\t\t\t\t\t\t\t<input size=\"1\" type=\"email\" name=\"form_fields[email]\" id=\"form-field-email\" class=\"elementor-field elementor-size-sm  elementor-field-textual\" placeholder=\"Email\" required=\"required\">\n\t\t\t\t\t\t\t\t\t\t\t<\/div>\n\t\t\t\t\t\t\t\t<div class=\"elementor-field-type-text elementor-field-group elementor-column elementor-field-group-field_66e50a1 elementor-col-100\">\n\t\t\t\t\t\t\t\t\t\t\t\t<label for=\"form-field-field_66e50a1\" class=\"elementor-field-label\">\n\t\t\t\t\t\t\t\tLink de Linkedin\t\t\t\t\t\t\t<\/label>\n\t\t\t\t\t\t\t\t\t\t\t\t\t\t<input size=\"1\" type=\"text\" name=\"form_fields[field_66e50a1]\" id=\"form-field-field_66e50a1\" class=\"elementor-field elementor-size-sm  elementor-field-textual\" placeholder=\"Link de Linkedin\">\n\t\t\t\t\t\t\t\t\t\t\t<\/div>\n\t\t\t\t\t\t\t\t<div class=\"elementor-field-type-select elementor-field-group elementor-column elementor-field-group-field_48ba0f9 elementor-col-100\">\n\t\t\t\t\t\t\t\t\t\t\t\t<label for=\"form-field-field_48ba0f9\" class=\"elementor-field-label\">\n\t\t\t\t\t\t\t\tCiudad\t\t\t\t\t\t\t<\/label>\n\t\t\t\t\t\t\t\t<div class=\"elementor-field elementor-select-wrapper remove-before \">\n\t\t\t<div class=\"select-caret-down-wrapper\">\n\t\t\t\t<i aria-hidden=\"true\" class=\"eicon-caret-down\"><\/i>\t\t\t<\/div>\n\t\t\t<select name=\"form_fields[field_48ba0f9]\" id=\"form-field-field_48ba0f9\" class=\"elementor-field-textual elementor-size-sm\">\n\t\t\t\t\t\t\t\t\t<option value=\"Provincia\">Provincia<\/option>\n\t\t\t\t\t\t\t\t\t<option value=\"Lima\">Lima<\/option>\n\t\t\t\t\t\t\t<\/select>\n\t\t<\/div>\n\t\t\t\t\t\t<\/div>\n\t\t\t\t\t\t\t\t<div class=\"elementor-field-type-upload elementor-field-group elementor-column elementor-field-group-field_4cbde0c elementor-col-100 elementor-field-required elementor-mark-required\">\n\t\t\t\t\t\t\t\t\t\t\t\t<label for=\"form-field-field_4cbde0c\" class=\"elementor-field-label\">\n\t\t\t\t\t\t\t\tAdjuntar CV\t\t\t\t\t\t\t<\/label>\n\t\t\t\t\t\t\t\t<input type=\"file\" name=\"form_fields[field_4cbde0c]\" id=\"form-field-field_4cbde0c\" class=\"elementor-field elementor-size-sm  elementor-upload-field\" required=\"required\" data-maxsize=\"5\" data-maxsize-message=\"This file exceeds the maximum allowed size.\">\n\n\t\t\t\t\t\t<\/div>\n\t\t\t\t\t\t\t\t<div class=\"elementor-field-group elementor-column elementor-field-type-submit elementor-col-100 e-form__buttons\">\n\t\t\t\t\t<button class=\"elementor-button elementor-size-sm\" type=\"submit\">\n\t\t\t\t\t\t<span class=\"elementor-button-content-wrapper\">\n\t\t\t\t\t\t\t\t\t\t\t\t\t\t\t\t\t\t\t\t\t\t<span class=\"elementor-button-text\">ENVIAR<\/span>\n\t\t\t\t\t\t\t\t\t\t\t\t\t<\/span>\n\t\t\t\t\t<\/button>\n\t\t\t\t<\/div>\n\t\t\t<\/div>\n\t\t<\/form>\n\t\t\t\t\t\t<\/div>\n\t\t\t\t<\/div>\n\t\t\t\t\t<\/div>\n\t\t<\/div>\n\t\t\t\t\t<\/div>\n\t\t<\/section>\n\t\t\t\t\t<\/div>\n\t\t<\/div>\n\t\t\t\t\t<\/div>\n\t\t<\/div>\n\t\t\t\t<\/div>\n\t\t","protected":false},"excerpt":{"rendered":"<p>REQUISITOS: Contar con estudios m\u00ednimo de Secundaria Completa. Experiencia m\u00ednima de 1 a\u00f1o realizando funciones como chofer de reparto con SemiTrailer Caja Fuller internacional. Deseable conocimientos en el manejo del SemiTrailer para distribuir material de construcci\u00f3n FUNCIONES: Verificaci\u00f3n de los materiales a cargar para despacho (Seg\u00fan gu\u00eda y nota de pedido). Verificaci\u00f3n de los documentos, sustento de despacho asignados a su unidad de transporte. Reportar al Supervisor de turno y\/o[&hellip;]<\/p>\n","protected":false},"author":1,"featured_media":0,"parent":0,"menu_order":10,"comment_status":"closed","ping_status":"closed","template":"","meta":{"_acf_changed":false,"footnotes":""},"class_list":["post-1030","page","type-page","status-publish","hentry"],"acf":[],"_links":{"self":[{"href":"https:\/\/inkaferro.com.pe\/test\/wp-json\/wp\/v2\/pages\/1030","targetHints":{"allow":["GET"]}}],"collection":[{"href":"https:\/\/inkaferro.com.pe\/test\/wp-json\/wp\/v2\/pages"}],"about":[{"href":"https:\/\/inkaferro.com.pe\/test\/wp-json\/wp\/v2\/types\/page"}],"author":[{"embeddable":true,"href":"https:\/\/inkaferro.com.pe\/test\/wp-json\/wp\/v2\/users\/1"}],"replies":[{"embeddable":true,"href":"https:\/\/inkaferro.com.pe\/test\/wp-json\/wp\/v2\/comments?post=1030"}],"version-history":[{"count":32,"href":"https:\/\/inkaferro.com.pe\/test\/wp-json\/wp\/v2\/pages\/1030\/revisions"}],"predecessor-version":[{"id":1670,"href":"https:\/\/inkaferro.com.pe\/test\/wp-json\/wp\/v2\/pages\/1030\/revisions\/1670"}],"wp:attachment":[{"href":"https:\/\/inkaferro.com.pe\/test\/wp-json\/wp\/v2\/media?parent=1030"}],"curies":[{"name":"wp","href":"https:\/\/api.w.org\/{rel}","templated":true}]}}